{"id":1007,"date":"2018-12-23T14:57:46","date_gmt":"2018-12-23T11:57:46","guid":{"rendered":"http:\/\/kucukosman.com\/?page_id=1007"},"modified":"2019-01-20T12:59:00","modified_gmt":"2019-01-20T09:59:00","slug":"zemic","status":"publish","type":"page","link":"http:\/\/kucukosman.com\/index.php\/zemic\/","title":{"rendered":"ZEMIC"},"content":{"rendered":"\n<figure class=\"wp-block-image\"><img data-attachment-id=\"1001\" data-permalink=\"http:\/\/kucukosman.com\/index.php\/zemic\/hkn_0581\/\" data-orig-file=\"http:\/\/kucukosman.com\/wp-content\/uploads\/2018\/12\/HKN_0581.jpg\" data-orig-size=\"3871,2583\" data-comments-opened=\"1\" data-image-meta=\"{&quot;aperture&quot;:&quot;5.6&quot;,&quot;credit&quot;:&quot;HAKAN OZDEGIN&quot;,&quot;camera&quot;:&quot;NIKON D800&quot;,&quot;caption&quot;:&quot;&quot;,&quot;created_timestamp&quot;:&quot;1545406646&quot;,&quot;copyright&quot;:&quot;&quot;,&quot;focal_length&quot;:&quot;100&quot;,&quot;iso&quot;:&quot;100&quot;,&quot;shutter_speed&quot;:&quot;0.33333333333333&quot;,&quot;title&quot;:&quot;&quot;,&quot;orientation&quot;:&quot;0&quot;}\" data-image-title=\"ZEMIC\" data-image-description=\"\" data-image-caption=\"\" data-medium-file=\"http:\/\/kucukosman.com\/wp-content\/uploads\/2018\/12\/HKN_0581-300x200.jpg\" data-large-file=\"http:\/\/kucukosman.com\/wp-content\/uploads\/2018\/12\/HKN_0581-1024x683.jpg\" decoding=\"async\" loading=\"lazy\" width=\"1024\" height=\"683\" src=\"http:\/\/kucukosman.com\/wp-content\/uploads\/2018\/12\/HKN_0581-1024x683.jpg\" alt=\"\" class=\"wp-image-1001\" srcset=\"http:\/\/kucukosman.com\/wp-content\/uploads\/2018\/12\/HKN_0581-1024x683.jpg 1024w, http:\/\/kucukosman.com\/wp-content\/uploads\/2018\/12\/HKN_0581-300x200.jpg 300w, http:\/\/kucukosman.com\/wp-content\/uploads\/2018\/12\/HKN_0581-768x512.jpg 768w\" sizes=\"(max-width: 1024px) 100vw, 1024px\" \/><figcaption>ZEMIC LOADCELL<\/figcaption><\/figure>\n\n\n\n<ul data-carousel-extra='{\"blog_id\":1,\"permalink\":\"http:\\\/\\\/kucukosman.com\\\/index.php\\\/zemic\\\/\"}'  class=\"is-layout-flex wp-block-gallery-1 wp-block-gallery columns-1 is-cropped\"><li class=\"blocks-gallery-item\"><figure><img data-attachment-id=\"1048\" data-permalink=\"http:\/\/kucukosman.com\/index.php\/zemic\/zemic1\/\" data-orig-file=\"http:\/\/kucukosman.com\/wp-content\/uploads\/2018\/12\/zemic1.jpg\" data-orig-size=\"853,226\" data-comments-opened=\"1\" data-image-meta=\"{&quot;aperture&quot;:&quot;0&quot;,&quot;credit&quot;:&quot;Hakan \\u00d6zde\\u011fin&quot;,&quot;camera&quot;:&quot;&quot;,&quot;caption&quot;:&quot;&quot;,&quot;created_timestamp&quot;:&quot;1545674405&quot;,&quot;copyright&quot;:&quot;&quot;,&quot;focal_length&quot;:&quot;0&quot;,&quot;iso&quot;:&quot;0&quot;,&quot;shutter_speed&quot;:&quot;0&quot;,&quot;title&quot;:&quot;&quot;,&quot;orientation&quot;:&quot;0&quot;}\" data-image-title=\"zemic1\" data-image-description=\"\" data-image-caption=\"\" data-medium-file=\"http:\/\/kucukosman.com\/wp-content\/uploads\/2018\/12\/zemic1-300x79.jpg\" data-large-file=\"http:\/\/kucukosman.com\/wp-content\/uploads\/2018\/12\/zemic1.jpg\" decoding=\"async\" loading=\"lazy\" width=\"853\" height=\"226\" src=\"http:\/\/kucukosman.com\/wp-content\/uploads\/2018\/12\/zemic1.jpg\" alt=\"\" data-id=\"1048\" data-link=\"http:\/\/kucukosman.com\/index.php\/zemic\/zemic1\/\" class=\"wp-image-1048\" srcset=\"http:\/\/kucukosman.com\/wp-content\/uploads\/2018\/12\/zemic1.jpg 853w, http:\/\/kucukosman.com\/wp-content\/uploads\/2018\/12\/zemic1-300x79.jpg 300w, http:\/\/kucukosman.com\/wp-content\/uploads\/2018\/12\/zemic1-768x203.jpg 768w\" sizes=\"(max-width: 853px) 100vw, 853px\" \/><\/figure><\/li><li class=\"blocks-gallery-item\"><figure><img data-attachment-id=\"1049\" data-permalink=\"http:\/\/kucukosman.com\/index.php\/zemic\/zemic2\/\" data-orig-file=\"http:\/\/kucukosman.com\/wp-content\/uploads\/2018\/12\/zemic2.jpg\" data-orig-size=\"787,564\" data-comments-opened=\"1\" data-image-meta=\"{&quot;aperture&quot;:&quot;0&quot;,&quot;credit&quot;:&quot;Hakan \\u00d6zde\\u011fin&quot;,&quot;camera&quot;:&quot;&quot;,&quot;caption&quot;:&quot;&quot;,&quot;created_timestamp&quot;:&quot;1545674446&quot;,&quot;copyright&quot;:&quot;&quot;,&quot;focal_length&quot;:&quot;0&quot;,&quot;iso&quot;:&quot;0&quot;,&quot;shutter_speed&quot;:&quot;0&quot;,&quot;title&quot;:&quot;&quot;,&quot;orientation&quot;:&quot;0&quot;}\" data-image-title=\"zemic2\" data-image-description=\"\" data-image-caption=\"\" data-medium-file=\"http:\/\/kucukosman.com\/wp-content\/uploads\/2018\/12\/zemic2-300x215.jpg\" data-large-file=\"http:\/\/kucukosman.com\/wp-content\/uploads\/2018\/12\/zemic2.jpg\" decoding=\"async\" loading=\"lazy\" width=\"787\" height=\"564\" src=\"http:\/\/kucukosman.com\/wp-content\/uploads\/2018\/12\/zemic2.jpg\" alt=\"\" data-id=\"1049\" data-link=\"http:\/\/kucukosman.com\/index.php\/zemic\/zemic2\/\" class=\"wp-image-1049\" srcset=\"http:\/\/kucukosman.com\/wp-content\/uploads\/2018\/12\/zemic2.jpg 787w, http:\/\/kucukosman.com\/wp-content\/uploads\/2018\/12\/zemic2-300x215.jpg 300w, http:\/\/kucukosman.com\/wp-content\/uploads\/2018\/12\/zemic2-768x550.jpg 768w\" sizes=\"(max-width: 787px) 100vw, 787px\" \/><\/figure><\/li><li class=\"blocks-gallery-item\"><figure><img data-attachment-id=\"1050\" data-permalink=\"http:\/\/kucukosman.com\/index.php\/zemic\/zemic-dimensions\/\" data-orig-file=\"http:\/\/kucukosman.com\/wp-content\/uploads\/2018\/12\/zemic-dimensions.jpg\" data-orig-size=\"334,385\" data-comments-opened=\"1\" data-image-meta=\"{&quot;aperture&quot;:&quot;0&quot;,&quot;credit&quot;:&quot;Hakan \\u00d6zde\\u011fin&quot;,&quot;camera&quot;:&quot;&quot;,&quot;caption&quot;:&quot;&quot;,&quot;created_timestamp&quot;:&quot;1545674488&quot;,&quot;copyright&quot;:&quot;&quot;,&quot;focal_length&quot;:&quot;0&quot;,&quot;iso&quot;:&quot;0&quot;,&quot;shutter_speed&quot;:&quot;0&quot;,&quot;title&quot;:&quot;&quot;,&quot;orientation&quot;:&quot;0&quot;}\" data-image-title=\"zemic dimensions\" data-image-description=\"\" data-image-caption=\"\" data-medium-file=\"http:\/\/kucukosman.com\/wp-content\/uploads\/2018\/12\/zemic-dimensions-260x300.jpg\" data-large-file=\"http:\/\/kucukosman.com\/wp-content\/uploads\/2018\/12\/zemic-dimensions.jpg\" decoding=\"async\" loading=\"lazy\" width=\"334\" height=\"385\" src=\"http:\/\/kucukosman.com\/wp-content\/uploads\/2018\/12\/zemic-dimensions.jpg\" alt=\"\" data-id=\"1050\" data-link=\"http:\/\/kucukosman.com\/index.php\/zemic\/zemic-dimensions\/\" class=\"wp-image-1050\" srcset=\"http:\/\/kucukosman.com\/wp-content\/uploads\/2018\/12\/zemic-dimensions.jpg 334w, http:\/\/kucukosman.com\/wp-content\/uploads\/2018\/12\/zemic-dimensions-260x300.jpg 260w\" sizes=\"(max-width: 334px) 100vw, 334px\" \/><\/figure><\/li><\/ul>\n","protected":false},"excerpt":{"rendered":"","protected":false},"author":1,"featured_media":0,"parent":0,"menu_order":0,"comment_status":"closed","ping_status":"closed","template":"","meta":{"jetpack_post_was_ever_published":false},"aioseo_notices":[],"jetpack_sharing_enabled":true,"jetpack_shortlink":"https:\/\/wp.me\/Paylhb-gf","jetpack-related-posts":[{"id":1169,"url":"http:\/\/kucukosman.com\/index.php\/zemic-l6f\/","url_meta":{"origin":1007,"position":0},"title":"ZEMIC L6F","date":"28 Ocak 2019","format":false,"excerpt":"","rel":"","context":"Benzer yaz\u0131","img":{"alt_text":"","src":"https:\/\/i0.wp.com\/kucukosman.com\/wp-content\/uploads\/2019\/01\/L6F_Datasheet-1-724x1024.jpg?resize=350%2C200","width":350,"height":200},"classes":[]},{"id":1013,"url":"http:\/\/kucukosman.com\/index.php\/keli\/","url_meta":{"origin":1007,"position":1},"title":"KELI","date":"23 Aral\u0131k 2018","format":false,"excerpt":"KELI LOADCELL","rel":"","context":"Benzer yaz\u0131","img":{"alt_text":"","src":"https:\/\/i0.wp.com\/kucukosman.com\/wp-content\/uploads\/2018\/12\/keli1.jpg?resize=350%2C200","width":350,"height":200},"classes":[]},{"id":1723,"url":"http:\/\/kucukosman.com\/index.php\/digerleri\/","url_meta":{"origin":1007,"position":2},"title":"D\u0130\u011eER \u00dcR\u00dcNLER","date":"8 Eyl\u00fcl 2021","format":false,"excerpt":"","rel":"","context":"Benzer yaz\u0131","img":{"alt_text":"","src":"","width":0,"height":0},"classes":[]}],"jetpack_likes_enabled":true,"_links":{"self":[{"href":"http:\/\/kucukosman.com\/index.php\/wp-json\/wp\/v2\/pages\/1007"}],"collection":[{"href":"http:\/\/kucukosman.com\/index.php\/wp-json\/wp\/v2\/pages"}],"about":[{"href":"http:\/\/kucukosman.com\/index.php\/wp-json\/wp\/v2\/types\/page"}],"author":[{"embeddable":true,"href":"http:\/\/kucukosman.com\/index.php\/wp-json\/wp\/v2\/users\/1"}],"replies":[{"embeddable":true,"href":"http:\/\/kucukosman.com\/index.php\/wp-json\/wp\/v2\/comments?post=1007"}],"version-history":[{"count":2,"href":"http:\/\/kucukosman.com\/index.php\/wp-json\/wp\/v2\/pages\/1007\/revisions"}],"predecessor-version":[{"id":1051,"href":"http:\/\/kucukosman.com\/index.php\/wp-json\/wp\/v2\/pages\/1007\/revisions\/1051"}],"wp:attachment":[{"href":"http:\/\/kucukosman.com\/index.php\/wp-json\/wp\/v2\/media?parent=1007"}],"curies":[{"name":"wp","href":"https:\/\/api.w.org\/{rel}","templated":true}]}}