{"id":825,"date":"2018-12-20T13:53:24","date_gmt":"2018-12-20T10:53:24","guid":{"rendered":"http:\/\/kucukosman.com\/?page_id=825"},"modified":"2019-07-17T16:43:40","modified_gmt":"2019-07-17T13:43:40","slug":"rulo-kantari","status":"publish","type":"page","link":"http:\/\/kucukosman.com\/index.php\/rulo-kantari\/","title":{"rendered":"RULO KANTARI"},"content":{"rendered":"\n<figure class=\"wp-block-image\"><img data-attachment-id=\"1290\" data-permalink=\"http:\/\/kucukosman.com\/index.php\/2019\/05\/16\/rulo-baskullerimiz-yerlerine-ulasti\/img_5330\/\" data-orig-file=\"http:\/\/kucukosman.com\/wp-content\/uploads\/2019\/04\/IMG_5330-e1554904926284.jpg\" data-orig-size=\"3264,2448\" data-comments-opened=\"1\" data-image-meta=\"{&quot;aperture&quot;:&quot;2.2&quot;,&quot;credit&quot;:&quot;&quot;,&quot;camera&quot;:&quot;iPhone 5s&quot;,&quot;caption&quot;:&quot;&quot;,&quot;created_timestamp&quot;:&quot;1554895828&quot;,&quot;copyright&quot;:&quot;&quot;,&quot;focal_length&quot;:&quot;4.15&quot;,&quot;iso&quot;:&quot;320&quot;,&quot;shutter_speed&quot;:&quot;0.05&quot;,&quot;title&quot;:&quot;&quot;,&quot;orientation&quot;:&quot;3&quot;}\" data-image-title=\"\" data-image-description=\"\" data-image-caption=\"\" data-medium-file=\"http:\/\/kucukosman.com\/wp-content\/uploads\/2019\/04\/IMG_5330-e1554904926284-300x225.jpg\" data-large-file=\"http:\/\/kucukosman.com\/wp-content\/uploads\/2019\/04\/IMG_5330-e1554904926284-1024x768.jpg\" decoding=\"async\" loading=\"lazy\" width=\"1024\" height=\"768\" src=\"http:\/\/kucukosman.com\/wp-content\/uploads\/2019\/04\/IMG_5330-e1554904926284-1024x768.jpg\" alt=\"\" class=\"wp-image-1290\" srcset=\"http:\/\/kucukosman.com\/wp-content\/uploads\/2019\/04\/IMG_5330-e1554904926284-1024x768.jpg 1024w, http:\/\/kucukosman.com\/wp-content\/uploads\/2019\/04\/IMG_5330-e1554904926284-300x225.jpg 300w, http:\/\/kucukosman.com\/wp-content\/uploads\/2019\/04\/IMG_5330-e1554904926284-768x576.jpg 768w, http:\/\/kucukosman.com\/wp-content\/uploads\/2019\/04\/IMG_5330-e1554904926284-600x450.jpg 600w, http:\/\/kucukosman.com\/wp-content\/uploads\/2019\/04\/IMG_5330-e1554904926284-213x160.jpg 213w\" sizes=\"(max-width: 1024px) 100vw, 1024px\" \/><\/figure>\n\n\n\n<figure class=\"wp-block-image\"><img data-attachment-id=\"1291\" data-permalink=\"http:\/\/kucukosman.com\/img_5331\/\" data-orig-file=\"http:\/\/kucukosman.com\/wp-content\/uploads\/2019\/04\/IMG_5331.jpg\" data-orig-size=\"3159,2383\" data-comments-opened=\"1\" data-image-meta=\"{&quot;aperture&quot;:&quot;2.2&quot;,&quot;credit&quot;:&quot;&quot;,&quot;camera&quot;:&quot;iPhone 5s&quot;,&quot;caption&quot;:&quot;&quot;,&quot;created_timestamp&quot;:&quot;1554895850&quot;,&quot;copyright&quot;:&quot;&quot;,&quot;focal_length&quot;:&quot;4.15&quot;,&quot;iso&quot;:&quot;250&quot;,&quot;shutter_speed&quot;:&quot;0.05&quot;,&quot;title&quot;:&quot;&quot;,&quot;orientation&quot;:&quot;1&quot;}\" data-image-title=\"\" data-image-description=\"\" data-image-caption=\"\" data-medium-file=\"http:\/\/kucukosman.com\/wp-content\/uploads\/2019\/04\/IMG_5331-300x226.jpg\" data-large-file=\"http:\/\/kucukosman.com\/wp-content\/uploads\/2019\/04\/IMG_5331-1024x772.jpg\" decoding=\"async\" loading=\"lazy\" width=\"1024\" height=\"772\" src=\"http:\/\/kucukosman.com\/wp-content\/uploads\/2019\/04\/IMG_5331-1024x772.jpg\" alt=\"\" class=\"wp-image-1291\" srcset=\"http:\/\/kucukosman.com\/wp-content\/uploads\/2019\/04\/IMG_5331-1024x772.jpg 1024w, http:\/\/kucukosman.com\/wp-content\/uploads\/2019\/04\/IMG_5331-300x226.jpg 300w, http:\/\/kucukosman.com\/wp-content\/uploads\/2019\/04\/IMG_5331-768x579.jpg 768w, http:\/\/kucukosman.com\/wp-content\/uploads\/2019\/04\/IMG_5331-600x453.jpg 600w, http:\/\/kucukosman.com\/wp-content\/uploads\/2019\/04\/IMG_5331-212x160.jpg 212w\" sizes=\"(max-width: 1024px) 100vw, 1024px\" \/><\/figure>\n\n\n\n<figure class=\"wp-block-image\"><img data-attachment-id=\"1320\" data-permalink=\"http:\/\/kucukosman.com\/index.php\/rulo-kantari\/whatsapp-image-2019-04-29-at-16-11-18\/\" data-orig-file=\"http:\/\/kucukosman.com\/wp-content\/uploads\/2019\/05\/WhatsApp-Image-2019-04-29-at-16.11.18.jpeg\" data-orig-size=\"1600,900\" data-comments-opened=\"1\" data-image-meta=\"{&quot;aperture&quot;:&quot;0&quot;,&quot;credit&quot;:&quot;&quot;,&quot;camera&quot;:&quot;&quot;,&quot;caption&quot;:&quot;&quot;,&quot;created_timestamp&quot;:&quot;0&quot;,&quot;copyright&quot;:&quot;&quot;,&quot;focal_length&quot;:&quot;0&quot;,&quot;iso&quot;:&quot;0&quot;,&quot;shutter_speed&quot;:&quot;0&quot;,&quot;title&quot;:&quot;&quot;,&quot;orientation&quot;:&quot;0&quot;}\" data-image-title=\"WhatsApp Image 2019-04-29 at 16.11.18\" data-image-description=\"\" data-image-caption=\"\" data-medium-file=\"http:\/\/kucukosman.com\/wp-content\/uploads\/2019\/05\/WhatsApp-Image-2019-04-29-at-16.11.18-300x169.jpeg\" data-large-file=\"http:\/\/kucukosman.com\/wp-content\/uploads\/2019\/05\/WhatsApp-Image-2019-04-29-at-16.11.18-1024x576.jpeg\" decoding=\"async\" loading=\"lazy\" width=\"1024\" height=\"576\" src=\"http:\/\/kucukosman.com\/wp-content\/uploads\/2019\/05\/WhatsApp-Image-2019-04-29-at-16.11.18-1024x576.jpeg\" alt=\"\" class=\"wp-image-1320\" srcset=\"http:\/\/kucukosman.com\/wp-content\/uploads\/2019\/05\/WhatsApp-Image-2019-04-29-at-16.11.18-1024x576.jpeg 1024w, http:\/\/kucukosman.com\/wp-content\/uploads\/2019\/05\/WhatsApp-Image-2019-04-29-at-16.11.18-300x169.jpeg 300w, http:\/\/kucukosman.com\/wp-content\/uploads\/2019\/05\/WhatsApp-Image-2019-04-29-at-16.11.18-768x432.jpeg 768w, http:\/\/kucukosman.com\/wp-content\/uploads\/2019\/05\/WhatsApp-Image-2019-04-29-at-16.11.18-600x338.jpeg 600w, http:\/\/kucukosman.com\/wp-content\/uploads\/2019\/05\/WhatsApp-Image-2019-04-29-at-16.11.18-280x158.jpeg 280w, http:\/\/kucukosman.com\/wp-content\/uploads\/2019\/05\/WhatsApp-Image-2019-04-29-at-16.11.18.jpeg 1600w\" sizes=\"(max-width: 1024px) 100vw, 1024px\" \/><figcaption><br><\/figcaption><\/figure>\n\n\n\n<figure class=\"wp-block-image\"><img data-attachment-id=\"1330\" data-permalink=\"http:\/\/kucukosman.com\/index.php\/2019\/05\/16\/rulo-baskullerimiz-yerlerine-ulasti\/attachment\/1\/\" data-orig-file=\"http:\/\/kucukosman.com\/wp-content\/uploads\/2019\/05\/1.jpeg\" data-orig-size=\"1600,1200\" data-comments-opened=\"1\" data-image-meta=\"{&quot;aperture&quot;:&quot;0&quot;,&quot;credit&quot;:&quot;&quot;,&quot;camera&quot;:&quot;&quot;,&quot;caption&quot;:&quot;&quot;,&quot;created_timestamp&quot;:&quot;0&quot;,&quot;copyright&quot;:&quot;&quot;,&quot;focal_length&quot;:&quot;0&quot;,&quot;iso&quot;:&quot;0&quot;,&quot;shutter_speed&quot;:&quot;0&quot;,&quot;title&quot;:&quot;&quot;,&quot;orientation&quot;:&quot;0&quot;}\" data-image-title=\"1\" data-image-description=\"\" data-image-caption=\"\" data-medium-file=\"http:\/\/kucukosman.com\/wp-content\/uploads\/2019\/05\/1-300x225.jpeg\" data-large-file=\"http:\/\/kucukosman.com\/wp-content\/uploads\/2019\/05\/1-1024x768.jpeg\" decoding=\"async\" loading=\"lazy\" width=\"1024\" height=\"768\" src=\"http:\/\/kucukosman.com\/wp-content\/uploads\/2019\/05\/1-1024x768.jpeg\" alt=\"\" class=\"wp-image-1330\" srcset=\"http:\/\/kucukosman.com\/wp-content\/uploads\/2019\/05\/1-1024x768.jpeg 1024w, http:\/\/kucukosman.com\/wp-content\/uploads\/2019\/05\/1-300x225.jpeg 300w, http:\/\/kucukosman.com\/wp-content\/uploads\/2019\/05\/1-768x576.jpeg 768w, http:\/\/kucukosman.com\/wp-content\/uploads\/2019\/05\/1-600x450.jpeg 600w, http:\/\/kucukosman.com\/wp-content\/uploads\/2019\/05\/1-213x160.jpeg 213w, http:\/\/kucukosman.com\/wp-content\/uploads\/2019\/05\/1.jpeg 1600w\" sizes=\"(max-width: 1024px) 100vw, 1024px\" \/><\/figure>\n","protected":false},"excerpt":{"rendered":"","protected":false},"author":1,"featured_media":0,"parent":0,"menu_order":0,"comment_status":"closed","ping_status":"closed","template":"","meta":{"jetpack_post_was_ever_published":false},"aioseo_notices":[],"jetpack_sharing_enabled":true,"jetpack_shortlink":"https:\/\/wp.me\/Paylhb-dj","jetpack-related-posts":[{"id":894,"url":"http:\/\/kucukosman.com\/index.php\/tasit-kantari\/","url_meta":{"origin":825,"position":0},"title":"TA\u015eIT KANTARI","date":"20 Aral\u0131k 2018","format":false,"excerpt":"YERL\u0130 VE M\u0130LL\u0130 KANTARLARIMIZ ONCA VE PARDUS DO\u011eRU TARTI, KAL\u0130TE VE DAYANIKLILI\u011eIN S\u0130MGELER\u0130 ONCA PARDUS","rel":"","context":"Benzer yaz\u0131","img":{"alt_text":"","src":"https:\/\/i0.wp.com\/kucukosman.com\/wp-content\/uploads\/2018\/12\/Photo-11.01.2007-04-31-27.jpg?resize=350%2C200","width":350,"height":200},"classes":[]},{"id":824,"url":"http:\/\/kucukosman.com\/index.php\/vinc-kantari\/","url_meta":{"origin":825,"position":1},"title":"V\u0130N\u00c7 BASK\u00dcLLER\u0130","date":"20 Aral\u0131k 2018","format":false,"excerpt":"1-3-5-10-15 TON olarak farkl\u0131 alternatifler mevcuttur.","rel":"","context":"Benzer yaz\u0131","img":{"alt_text":"","src":"https:\/\/i0.wp.com\/kucukosman.com\/wp-content\/uploads\/2019\/01\/CX.jpg?resize=350%2C200","width":350,"height":200},"classes":[]}],"jetpack_likes_enabled":true,"_links":{"self":[{"href":"http:\/\/kucukosman.com\/index.php\/wp-json\/wp\/v2\/pages\/825"}],"collection":[{"href":"http:\/\/kucukosman.com\/index.php\/wp-json\/wp\/v2\/pages"}],"about":[{"href":"http:\/\/kucukosman.com\/index.php\/wp-json\/wp\/v2\/types\/page"}],"author":[{"embeddable":true,"href":"http:\/\/kucukosman.com\/index.php\/wp-json\/wp\/v2\/users\/1"}],"replies":[{"embeddable":true,"href":"http:\/\/kucukosman.com\/index.php\/wp-json\/wp\/v2\/comments?post=825"}],"version-history":[{"count":4,"href":"http:\/\/kucukosman.com\/index.php\/wp-json\/wp\/v2\/pages\/825\/revisions"}],"predecessor-version":[{"id":1371,"href":"http:\/\/kucukosman.com\/index.php\/wp-json\/wp\/v2\/pages\/825\/revisions\/1371"}],"wp:attachment":[{"href":"http:\/\/kucukosman.com\/index.php\/wp-json\/wp\/v2\/media?parent=825"}],"curies":[{"name":"wp","href":"https:\/\/api.w.org\/{rel}","templated":true}]}}