{"id":809,"date":"2018-12-20T13:07:54","date_gmt":"2018-12-20T10:07:54","guid":{"rendered":"http:\/\/kucukosman.com\/?page_id=809"},"modified":"2020-11-09T14:35:38","modified_gmt":"2020-11-09T11:35:38","slug":"hizmetler-2","status":"publish","type":"page","link":"https:\/\/kucukosman.com\/index.php\/hizmetler-2\/","title":{"rendered":"H\u0130ZMETLER"},"content":{"rendered":"\n<h3>TEKN\u0130K SERV\u0130S<\/h3>\n\n\n\n<div class=\"wp-block-image\"><figure class=\"aligncenter size-large\"><img data-attachment-id=\"747\" data-permalink=\"https:\/\/kucukosman.com\/dscn4323\/\" data-orig-file=\"https:\/\/kucukosman.com\/wp-content\/uploads\/2018\/12\/DSCN4323.jpg\" data-orig-size=\"2048,1298\" data-comments-opened=\"1\" data-image-meta=\"{&quot;aperture&quot;:&quot;5.6&quot;,&quot;credit&quot;:&quot;&quot;,&quot;camera&quot;:&quot;E3100&quot;,&quot;caption&quot;:&quot;&quot;,&quot;created_timestamp&quot;:&quot;1221534852&quot;,&quot;copyright&quot;:&quot;&quot;,&quot;focal_length&quot;:&quot;5.8&quot;,&quot;iso&quot;:&quot;100&quot;,&quot;shutter_speed&quot;:&quot;0.0027586206896552&quot;,&quot;title&quot;:&quot;&quot;,&quot;orientation&quot;:&quot;1&quot;}\" data-image-title=\"DSCN4323\" data-image-description=\"\" data-image-caption=\"\" data-medium-file=\"https:\/\/kucukosman.com\/wp-content\/uploads\/2018\/12\/DSCN4323-300x190.jpg\" data-large-file=\"https:\/\/kucukosman.com\/wp-content\/uploads\/2018\/12\/DSCN4323-1024x649.jpg\" decoding=\"async\" loading=\"lazy\" width=\"1024\" height=\"649\" src=\"http:\/\/kucukosman.com\/wp-content\/uploads\/2018\/12\/DSCN4323-1024x649.jpg\" alt=\"\" class=\"wp-image-747\" srcset=\"https:\/\/kucukosman.com\/wp-content\/uploads\/2018\/12\/DSCN4323-1024x649.jpg 1024w, https:\/\/kucukosman.com\/wp-content\/uploads\/2018\/12\/DSCN4323-300x190.jpg 300w, https:\/\/kucukosman.com\/wp-content\/uploads\/2018\/12\/DSCN4323-768x487.jpg 768w, https:\/\/kucukosman.com\/wp-content\/uploads\/2018\/12\/DSCN4323.jpg 2048w\" sizes=\"(max-width: 1024px) 100vw, 1024px\" \/><figcaption><strong>\u00dcretimini ve sat\u0131\u015f\u0131n\u0131 yapt\u0131klar\u0131m\u0131z\u0131n yan\u0131 s\u0131ra, marka ve model g\u00f6zetmeksizin mevcut b\u00fct\u00fcn kantarlar\u0131n\u0131z i\u00e7in de bak\u0131m, onar\u0131m ve her t\u00fcrl\u00fc teknik destek hizmetimizle yan\u0131n\u0131zday\u0131z. Ankara, \u0130zmir, Antalya ve bir \u00e7ok ilde mevcut servis a\u011f\u0131m\u0131zla kaliteli servisi en k\u0131sa s\u00fcrede sizlere ula\u015ft\u0131rmak \u00f6ncelikli hedefimiz.<\/strong><\/figcaption><\/figure><\/div>\n\n\n\n<h3>KAL\u0130BRASYON<\/h3>\n\n\n\n<figure class=\"wp-block-image size-large\"><img data-attachment-id=\"8\" data-permalink=\"https:\/\/kucukosman.com\/_hkn0333_1\/\" data-orig-file=\"https:\/\/kucukosman.com\/wp-content\/uploads\/2018\/12\/HKN0333_1.jpg\" data-orig-size=\"2583,3871\" data-comments-opened=\"1\" data-image-meta=\"{&quot;aperture&quot;:&quot;6.3&quot;,&quot;credit&quot;:&quot;HAKAN OZDEGIN&quot;,&quot;camera&quot;:&quot;NIKON D800&quot;,&quot;caption&quot;:&quot;&quot;,&quot;created_timestamp&quot;:&quot;1540647947&quot;,&quot;copyright&quot;:&quot;&quot;,&quot;focal_length&quot;:&quot;20&quot;,&quot;iso&quot;:&quot;100&quot;,&quot;shutter_speed&quot;:&quot;0.2&quot;,&quot;title&quot;:&quot;&quot;,&quot;orientation&quot;:&quot;0&quot;}\" data-image-title=\"_HKN0333_1\" data-image-description=\"\" data-image-caption=\"\" data-medium-file=\"https:\/\/kucukosman.com\/wp-content\/uploads\/2018\/12\/HKN0333_1-200x300.jpg\" data-large-file=\"https:\/\/kucukosman.com\/wp-content\/uploads\/2018\/12\/HKN0333_1-683x1024.jpg\" decoding=\"async\" loading=\"lazy\" width=\"683\" height=\"1024\" src=\"http:\/\/kucukosman.com\/wp-content\/uploads\/2018\/12\/HKN0333_1-683x1024.jpg\" alt=\"\" class=\"wp-image-8\" srcset=\"https:\/\/kucukosman.com\/wp-content\/uploads\/2018\/12\/HKN0333_1-683x1024.jpg 683w, https:\/\/kucukosman.com\/wp-content\/uploads\/2018\/12\/HKN0333_1-200x300.jpg 200w, https:\/\/kucukosman.com\/wp-content\/uploads\/2018\/12\/HKN0333_1-768x1151.jpg 768w, https:\/\/kucukosman.com\/wp-content\/uploads\/2018\/12\/HKN0333_1-1568x2350.jpg 1568w\" sizes=\"(max-width: 683px) 100vw, 683px\" \/><figcaption><strong>Uzman m\u00fchendis ve e\u011fitimli personelimiz e\u015fli\u011finde en son teknoloji kullan\u0131larak uluslararas\u0131 standartlarda sa\u011flanan k\u00fctle ve terazi kalibrasyonu hizmetlerimiz ulusal ve uluslararas\u0131 alanda ge\u00e7erlili\u011fi olan sertifikalar ile belgelenmektedir.<\/strong><\/figcaption><\/figure>\n\n\n\n<h3>\u0130LK MUAYENE VE DO\u011eRULAMA<\/h3>\n\n\n\n<p class=\"has-text-align-left\"> \u00dcretti\u011fimiz kantarlar\u0131n ilk do\u011frulamas\u0131 taraf\u0131m\u0131zca yap\u0131lmakta ve kantarlar m\u00fch\u00fcrlenerek kullan\u0131ma sunulmaktad\u0131r.&nbsp;Verifikasyon ve m\u00fch\u00fcrleme i\u015flemlerinin&nbsp;\u015firketimiz taraf\u0131ndan ger\u00e7ekle\u015ftirilmesi i\u00e7in NSAI, \u015firketimizde ISO 9001 ve \u00f6zellikle tart\u0131 aletinin \u00fcretim, test, muayene, m\u00fch\u00fcrleme s\u00fcre\u00e7lerini, muayene ve m\u00fch\u00fcrleme yapacak elemanlar\u0131m\u0131z\u0131 denetlemi\u015f ve denetlemeler sonucunda \u015firketimiz kendi \u00fcretti\u011fi tart\u0131 aletlerinin ilk muayenesi ve m\u00fch\u00fcrlemesini yap\u0131p piyasaya s\u00fcrme yetkisini alm\u0131\u015ft\u0131r. <\/p>\n\n\n\n<h3>PER\u0130YOD\u0130K MUAYENE<\/h3>\n\n\n\n<p>  11.10.2019 tarih ve 30915 say\u0131l\u0131 Resmi Gazetede yay\u0131mlanan y\u00f6netmeli\u011fe g\u00f6re 01.01.2020 tarihi itibariyle kantar periyodik muayeneleri art\u0131k TSE taraf\u0131ndan yap\u0131lacakt\u0131r. <\/p>\n\n\n\n<p>Periyodik muayene s\u00fcreci i\u00e7in \u00f6ncelikle https:\/\/basvuruportal.tse.org.tr\/ adresinden kantar\u0131n\u0131z\u0131n bilgilerini sisteme girerek periyodik muayene ba\u015fvurusunu olu\u015fturup, ayn\u0131 sistem \u00fczerinden&nbsp; kantar muayene \u00fccretini \u00f6demeniz gerekmektedir. Ba\u015fvuru a\u015famas\u0131ndan sonra t\u00fcm muayene s\u00fcreci&nbsp; TSE taraf\u0131ndan y\u00f6netilecektir. Periyodik muayeneyi ge\u00e7emeyen kantarlar reddedilerek, kantar tamir edilene kadar kullan\u0131ma kapat\u0131lacakt\u0131r. Gerekli tamir sonras\u0131 https:\/\/basvuruportal.tse.org.tr\/ adresinden taraf\u0131n\u0131zca yap\u0131lacak \u201cTamir sonras\u0131 muayene\u201d ba\u015fvurusu ve muayene \u00fccretinin yat\u0131r\u0131lmas\u0131n\u0131 takiben 90 g\u00fcn i\u00e7erisinde muayene i\u015flemi TSE taraf\u0131ndan ger\u00e7ekle\u015ftirilecektir.<\/p>\n\n\n\n<p><em>Kantar\u0131n\u0131z\u0131n periyodik muayene s\u00fcrecini herhangi bir sorun ya\u015famadan ge\u00e7mesini sa\u011flamak amac\u0131yla K\u00fc\u00e7\u00fck Osman Bask\u00fcl San. Ve Tic. A.\u015e. olarak muayene \u00f6ncesi bak\u0131m ve kalibrasyon hizmetimizi sizlere sunmaya devam etmekteyiz.<\/em><\/p>\n\n\n\n<h4 class=\"has-text-align-center\"> Periyodik muayene ba\u015fvurusu ve muayene \u00f6ncesi bak\u0131m, kalibrasyon hizmetimiz hakk\u0131nda daha detayl\u0131 bilgi ve fiyatland\u0131rma i\u00e7in l\u00fctfen bizi aray\u0131n\u0131z. <\/h4>\n\n\n\n<div class=\"wp-block-media-text alignwide\" style=\"grid-template-columns:10% auto\"><figure class=\"wp-block-media-text__media\"><img data-attachment-id=\"30\" data-permalink=\"https:\/\/kucukosman.com\/telephone-99036_960_720\/\" data-orig-file=\"https:\/\/kucukosman.com\/wp-content\/uploads\/2018\/12\/telephone-99036_960_720.png\" data-orig-size=\"720,720\" data-comments-opened=\"1\" data-image-meta=\"{&quot;aperture&quot;:&quot;0&quot;,&quot;credit&quot;:&quot;&quot;,&quot;camera&quot;:&quot;&quot;,&quot;caption&quot;:&quot;&quot;,&quot;created_timestamp&quot;:&quot;0&quot;,&quot;copyright&quot;:&quot;&quot;,&quot;focal_length&quot;:&quot;0&quot;,&quot;iso&quot;:&quot;0&quot;,&quot;shutter_speed&quot;:&quot;0&quot;,&quot;title&quot;:&quot;&quot;,&quot;orientation&quot;:&quot;0&quot;}\" data-image-title=\"telephone-99036_960_720\" data-image-description=\"\" data-image-caption=\"\" data-medium-file=\"https:\/\/kucukosman.com\/wp-content\/uploads\/2018\/12\/telephone-99036_960_720-300x300.png\" data-large-file=\"https:\/\/kucukosman.com\/wp-content\/uploads\/2018\/12\/telephone-99036_960_720.png\" decoding=\"async\" loading=\"lazy\" width=\"720\" height=\"720\" src=\"http:\/\/kucukosman.com\/wp-content\/uploads\/2018\/12\/telephone-99036_960_720.png\" alt=\"\" class=\"wp-image-30\" srcset=\"https:\/\/kucukosman.com\/wp-content\/uploads\/2018\/12\/telephone-99036_960_720.png 720w, https:\/\/kucukosman.com\/wp-content\/uploads\/2018\/12\/telephone-99036_960_720-150x150.png 150w, https:\/\/kucukosman.com\/wp-content\/uploads\/2018\/12\/telephone-99036_960_720-300x300.png 300w\" sizes=\"(max-width: 720px) 100vw, 720px\" \/><\/figure><div class=\"wp-block-media-text__content\">\n<p class=\"has-text-align-left\" style=\"font-size:24px\">0216 621 96 18 (Pbx)<\/p>\n<\/div><\/div>\n\n\n\n<h2><\/h2>\n","protected":false},"excerpt":{"rendered":"<p>TEKN\u0130K SERV\u0130S KAL\u0130BRASYON \u0130LK MUAYENE VE DO\u011eRULAMA \u00dcretti\u011fimiz kantarlar\u0131n ilk do\u011frulamas\u0131 taraf\u0131m\u0131zca yap\u0131lmakta ve kantarlar m\u00fch\u00fcrlenerek kullan\u0131ma sunulmaktad\u0131r.&nbsp;Verifikasyon ve m\u00fch\u00fcrleme i\u015flemlerinin&nbsp;\u015firketimiz taraf\u0131ndan ger\u00e7ekle\u015ftirilmesi i\u00e7in NSAI,&hellip;<\/p>\n","protected":false},"author":1,"featured_media":0,"parent":0,"menu_order":0,"comment_status":"closed","ping_status":"closed","template":"","meta":{"jetpack_post_was_ever_published":false},"aioseo_notices":[],"jetpack_sharing_enabled":true,"jetpack_shortlink":"https:\/\/wp.me\/Paylhb-d3","jetpack-related-posts":[{"id":736,"url":"https:\/\/kucukosman.com\/index.php\/hakkimizda-2\/","url_meta":{"origin":809,"position":0},"title":"HAKKIMIZDA","date":"20 Aral\u0131k 2018","format":false,"excerpt":"20'li y\u0131llar\u0131n ba\u015flar\u0131nda okka \u00f6l\u00e7\u00fcm birimi ile kantar imalat\u0131na ba\u015flayan K\u00fc\u00e7\u00fck Osman,\u00a0\u00a01931 y\u0131l\u0131nda \u00e7\u0131kar\u0131lan \u00d6l\u00e7\u00fc kanunu ile okkadan kilograma ge\u00e7i\u015fte ilk kilogram bazl\u0131 kantarlar\u0131 \u00fcretmi\u015ftir. 1936 y\u0131l\u0131nda Ankara'da kurulan Birinci El \u0130\u015fleri ve K\u00fc\u00e7\u00fck Sanatlar Sergisinde sergiledi\u011fi kantar\u00a0ile takdir madalyas\u0131 kazanan K\u00fc\u00e7\u00fck Osman, d\u00f6nemin \u0130ktisat Vekili Celal BAYAR taraf\u0131ndan imzal\u0131\u2026","rel":"","context":"Benzer yaz\u0131","img":{"alt_text":"","src":"https:\/\/i0.wp.com\/kucukosman.com\/wp-content\/uploads\/2018\/12\/KATALOG-\u0130\u00c7\u0130N-RES\u0130MLER-008.jpg?resize=350%2C200&ssl=1","width":350,"height":200},"classes":[]},{"id":822,"url":"https:\/\/kucukosman.com\/index.php\/scalevator\/","url_meta":{"origin":809,"position":1},"title":"SCALEVATOR","date":"20 Aral\u0131k 2018","format":false,"excerpt":"https:\/\/youtu.be\/ljt4jDyu9UU \"V\u0130N\u00c7 NEREYE, KANTAR ORAYA...\" \u00c7ok yo\u011fun \u00e7al\u0131\u015f\u0131yorsunuz, tart\u0131m prosesi ise zaruri bir ihtiya\u00e7 ama vakit kayb\u0131n\u0131z var. SCALEVATOR ile gezer k\u00f6pr\u00fcl\u00fc vincinizi bir kantara \u00e7evirebilir ve malzemeyi yerden kesti\u011finiz anda tartabilirsiniz. Kantar\u0131n\u0131z vincinizin ula\u015ft\u0131\u011f\u0131 her noktada aktif ve kullan\u0131ma haz\u0131r. Servis ve i\u015fletme maliyeti yok denecek kadar az. Hem\u2026","rel":"","context":"Benzer yaz\u0131","img":{"alt_text":"","src":"https:\/\/i0.wp.com\/kucukosman.com\/wp-content\/uploads\/2018\/12\/HKN0278-e1545240850483.jpg?resize=350%2C200&ssl=1","width":350,"height":200},"classes":[]},{"id":766,"url":"https:\/\/kucukosman.com\/index.php\/onca\/","url_meta":{"origin":809,"position":2},"title":"ONCA (\u00c7UKURLU T\u0130P)","date":"20 Aral\u0131k 2018","format":false,"excerpt":"\u00c7ukurlu Tip Tam elektronik T\u0131r\/Kamyon Kantar modelimiz olan ONCA, fabrika giri\u015fleri ve manevra kabiliyetinin s\u0131n\u0131rl\u0131 oldu\u011fu alanlar i\u00e7in ideal \u00e7\u00f6z\u00fcm sa\u011flar. \u00c7ukur i\u00e7erisinde g\u00f6m\u00fcl\u00fc olan ve y\u00fczey \u00fczerinde hi\u00e7bir y\u00fckseklik olu\u015fturmayan kantar\u0131n sadece zeminle ayn\u0131 seviyede olan platform k\u0131sm\u0131 g\u00f6r\u00fcnd\u00fc\u011f\u00fcnden firman\u0131z\u0131n d\u0131\u015f g\u00f6r\u00fcn\u00fcm\u00fcne g\u00f6rsel olarak da katk\u0131 sa\u011flayacakt\u0131r. Onca kantar\u0131m\u0131z,\u00a0firman\u0131z\u0131n\u2026","rel":"","context":"Benzer yaz\u0131","img":{"alt_text":"","src":"https:\/\/i0.wp.com\/kucukosman.com\/wp-content\/uploads\/2018\/12\/IMG-20160418-WA0001-1.jpg?resize=350%2C200&ssl=1","width":350,"height":200},"classes":[]},{"id":767,"url":"https:\/\/kucukosman.com\/index.php\/pardus\/","url_meta":{"origin":809,"position":3},"title":"PARDUS (ZEM\u0130N \u00dcST\u00dc T\u0130P)","date":"20 Aral\u0131k 2018","format":false,"excerpt":"Zemin \u00dcst\u00fc Tip Tam elektronik T\u0131r\/Kamyon Kantar modelimiz olan PARDUS, manevra sorunu olmayan alanlarda, mod\u00fcler yap\u0131s\u0131yla montaj kolayl\u0131\u011f\u0131, farkl\u0131 kullan\u0131m alanlar\u0131na ta\u015f\u0131n\u0131p yeniden kurulabilme imkan\u0131, temizlik, en uygun rampa y\u00fcksekli\u011fi vb. gibi ihtiya\u00e7lar\u0131n\u0131za \u00f6zel \u00e7\u00f6z\u00fcmler sa\u011flar. PARDUS kantar\u0131m\u0131z, firman\u0131z\u0131n yer durumu ve ihtiyac\u0131na g\u00f6re 4 metreden 24 metre uzunlu\u011fa kadar\u2026","rel":"","context":"Benzer yaz\u0131","img":{"alt_text":"","src":"https:\/\/i0.wp.com\/kucukosman.com\/wp-content\/uploads\/2018\/12\/IMG_5019-e1545298847537.jpg?resize=350%2C200&ssl=1","width":350,"height":200},"classes":[]},{"id":826,"url":"https:\/\/kucukosman.com\/index.php\/kalite-politikamiz\/","url_meta":{"origin":809,"position":4},"title":"KAL\u0130TE POL\u0130T\u0130KAMIZ","date":"20 Aral\u0131k 2018","format":false,"excerpt":"D\u00f6rt ku\u015fak kantar imalat\u00e7\u0131s\u0131 olan firmam\u0131z Cumhuriyet ile birlikte \u00fclkemizin ilk metrik sistem kantarlar\u0131n\u0131 \u00fcretmi\u015f, sekt\u00f6r\u00fcndeki \u00f6nc\u00fc ve ba\u015far\u0131l\u0131 niteli\u011fi ile K\u00fc\u00e7\u00fck Osman, 1936 y\u0131l\u0131nda zaman\u0131n \u0130ktisat Vekili Celal BAYAR taraf\u0131ndan \u00fcst\u00fcn ba\u015far\u0131 madalyas\u0131 ile onurland\u0131r\u0131lm\u0131\u015ft\u0131r. Kalite ve g\u00fcvenilirlik m\u00fc\u015fteri taraf\u0131ndan tercih edilme sebebimizdir. Gerek ge\u00e7mi\u015f ku\u015faklarda gerek bug\u00fcn ve\u2026","rel":"","context":"Benzer yaz\u0131","img":{"alt_text":"","src":"https:\/\/i0.wp.com\/kucukosman.com\/wp-content\/uploads\/2018\/12\/\u0130MZA-MEHMET.jpg?resize=350%2C200&ssl=1","width":350,"height":200},"classes":[]},{"id":894,"url":"https:\/\/kucukosman.com\/index.php\/tasit-kantari\/","url_meta":{"origin":809,"position":5},"title":"TA\u015eIT KANTARI","date":"20 Aral\u0131k 2018","format":false,"excerpt":"YERL\u0130 VE M\u0130LL\u0130 KANTARLARIMIZ ONCA VE PARDUS DO\u011eRU TARTI, KAL\u0130TE VE DAYANIKLILI\u011eIN S\u0130MGELER\u0130 ONCA PARDUS","rel":"","context":"Benzer yaz\u0131","img":{"alt_text":"","src":"https:\/\/i0.wp.com\/kucukosman.com\/wp-content\/uploads\/2018\/12\/Photo-11.01.2007-04-31-27.jpg?resize=350%2C200&ssl=1","width":350,"height":200},"classes":[]}],"jetpack_likes_enabled":true,"_links":{"self":[{"href":"https:\/\/kucukosman.com\/index.php\/wp-json\/wp\/v2\/pages\/809"}],"collection":[{"href":"https:\/\/kucukosman.com\/index.php\/wp-json\/wp\/v2\/pages"}],"about":[{"href":"https:\/\/kucukosman.com\/index.php\/wp-json\/wp\/v2\/types\/page"}],"author":[{"embeddable":true,"href":"https:\/\/kucukosman.com\/index.php\/wp-json\/wp\/v2\/users\/1"}],"replies":[{"embeddable":true,"href":"https:\/\/kucukosman.com\/index.php\/wp-json\/wp\/v2\/comments?post=809"}],"version-history":[{"count":16,"href":"https:\/\/kucukosman.com\/index.php\/wp-json\/wp\/v2\/pages\/809\/revisions"}],"predecessor-version":[{"id":1623,"href":"https:\/\/kucukosman.com\/index.php\/wp-json\/wp\/v2\/pages\/809\/revisions\/1623"}],"wp:attachment":[{"href":"https:\/\/kucukosman.com\/index.php\/wp-json\/wp\/v2\/media?parent=809"}],"curies":[{"name":"wp","href":"https:\/\/api.w.org\/{rel}","templated":true}]}}