{"id":826,"date":"2018-12-20T13:53:24","date_gmt":"2018-12-20T10:53:24","guid":{"rendered":"http:\/\/kucukosman.com\/?page_id=826"},"modified":"2018-12-21T11:13:03","modified_gmt":"2018-12-21T08:13:03","slug":"kalite-politikamiz","status":"publish","type":"page","link":"https:\/\/kucukosman.com\/index.php\/kalite-politikamiz\/","title":{"rendered":"KAL\u0130TE POL\u0130T\u0130KAMIZ"},"content":{"rendered":"\n<p>\nD\u00f6rt\nku\u015fak kantar imalat\u00e7\u0131s\u0131 olan firmam\u0131z Cumhuriyet ile birlikte\n\u00fclkemizin ilk metrik sistem kantarlar\u0131n\u0131 \u00fcretmi\u015f, sekt\u00f6r\u00fcndeki\n\u00f6nc\u00fc ve ba\u015far\u0131l\u0131 niteli\u011fi ile K\u00fc\u00e7\u00fck Osman, 1936 y\u0131l\u0131nda\nzaman\u0131n \u0130ktisat Vekili Celal BAYAR taraf\u0131ndan \u00fcst\u00fcn ba\u015far\u0131\nmadalyas\u0131 ile onurland\u0131r\u0131lm\u0131\u015ft\u0131r. Kalite ve g\u00fcvenilirlik\nm\u00fc\u015fteri taraf\u0131ndan tercih edilme sebebimizdir. Gerek ge\u00e7mi\u015f\nku\u015faklarda gerek bug\u00fcn ve gerekse de gelecekte tekni\u011fin\ngereklerini ve ulusal ve uluslararas\u0131 standartlar\u0131 yapt\u0131\u011f\u0131m\u0131z\n\u00fcr\u00fcnlerde uygulamak temel kalite politikam\u0131zd\u0131r.<\/p>\n\n\n\n<p>\u00dcretti\u011fimiz\n\u00fcr\u00fcnlerle ticaret yap\u0131ld\u0131\u011f\u0131n\u0131 biran olsun ak\u0131ldan \u00e7\u0131karmadan\ngerek imalat gerekse teknik servisimizde ulusal ve uluslararas\u0131\nstandartlarda hizmet vermek, ko\u015fulsuz m\u00fc\u015fteri memnuniyetini\ndolay\u0131s\u0131yla m\u00fc\u015fteri istek ve beklentilerini eksiksiz ve zaman\u0131nda\nkar\u015f\u0131lamak kalite politikam\u0131z\u0131n de\u011fi\u015ftirilemez \u015fart\u0131d\u0131r.<\/p>\n\n\n\n<p>Bu\n\u015fart\u0131n yerine getirilebilmesi i\u00e7in \u015firket i\u00e7i personel e\u011fitim\nd\u00fczeyini y\u00fckseltmek ve m\u00fc\u015fterilerimizi \u00fcr\u00fcnlerimizin kullan\u0131m\nve \u00f6zellikleri konusunda bilgilendirmek ger\u00e7ekle\u015ftirece\u011fimiz en\n\u00f6ncelikli amac\u0131m\u0131zd\u0131r. Gerek m\u00fc\u015fterileri gerekse \u00e7al\u0131\u015fanlar\u0131\na\u00e7\u0131s\u0131ndan g\u00fcvenilir bir firma olmak kalite politikam\u0131z\u0131n bir\nilkesidir.<\/p>\n\n\n\n<ul><li>\n\tHedeflenen\n\tko\u015fulsuz m\u00fc\u015fteri memnuniyeti \n\t\n\t<\/li><li>\n\tPersonelimizin\n\te\u011fitim d\u00fczeyini y\u00fckseltmek; m\u00fc\u015fteriyi bilin\u00e7lendirmek \n\t\n\t<\/li><li>\n\tUlusal\n\tve uluslararas\u0131 standartlarda imalat yapmak \n\t\n\t<\/li><li>\n\tKurulan\n\tkalite sistemini her noktada s\u00fcrekli iyile\u015ftirmek ve geli\u015ftirmek\n\t\n\t\n\t<\/li><li>\n\tM\u00fc\u015fterilerin,\n\t\u00e7al\u0131\u015fanlar\u0131n ve ilgili taraflar\u0131n ihtiya\u00e7 ve beklentilerini\n\tanlayarak etkili ileti\u015fim kurmak, \n\t\n\t<\/li><li>\n\t\u00c7al\u0131\u015fanlar\u0131m\u0131za\n\t\u0130SG kapsam\u0131nda sa\u011fl\u0131kl\u0131 ve g\u00fcvenli \u00e7al\u0131\u015fabilecek ortamlar\n\tsa\u011flamak ve t\u00fcm s\u00fcre\u00e7lerle ilgili etkin Risk &amp; F\u0131rsat\n\ty\u00f6netimi yapmak, \n\t\n\t<\/li><li>\n\tSistemin\n\tetkinli\u011finin s\u00fcrd\u00fcr\u00fclmesi i\u00e7in proaktif yakla\u015f\u0131mla her t\u00fcrl\u00fc\n\trisk ve f\u0131rsat\u0131 g\u00f6z \u00f6n\u00fcnde bulundurarak, d\u00fczenleyici ve\n\tiyile\u015ftirici faaliyetlere \u00f6nem vermek, \n\t\n\t<\/li><li>\n\tYapt\u0131\u011f\u0131m\u0131z\n\ther i\u015fte uluslararas\u0131 standartlara ve mevzuata uygun projeler\n\tolu\u015fturmak, \n\t\n\t<\/li><li>\n\tS\u00fcrekli\n\te\u011fitim ilkesi ile becerilerimizi ve kalite bilincimizi artt\u0131rmak. \n\t\n<\/li><\/ul>\n\n\n\n<p>\nK\u00fc\u00e7\u00fck\nOsman ekibinin \n<\/p>\n\n\n\n<h2 style=\"text-align:center\">\n KAL\u0130TE\nPOL\u0130T\u0130KASI&#8217;d\u0131r<\/h2>\n\n\n\n<div class=\"wp-block-image\"><figure class=\"alignright is-resized\"><img data-attachment-id=\"878\" data-permalink=\"https:\/\/kucukosman.com\/imza-mehmet\/\" data-orig-file=\"https:\/\/kucukosman.com\/wp-content\/uploads\/2018\/12\/\u0130MZA-MEHMET.jpg\" data-orig-size=\"663,412\" data-comments-opened=\"1\" data-image-meta=\"{&quot;aperture&quot;:&quot;0&quot;,&quot;credit&quot;:&quot;&quot;,&quot;camera&quot;:&quot;&quot;,&quot;caption&quot;:&quot;&quot;,&quot;created_timestamp&quot;:&quot;0&quot;,&quot;copyright&quot;:&quot;&quot;,&quot;focal_length&quot;:&quot;0&quot;,&quot;iso&quot;:&quot;0&quot;,&quot;shutter_speed&quot;:&quot;0&quot;,&quot;title&quot;:&quot;&quot;,&quot;orientation&quot;:&quot;0&quot;}\" data-image-title=\"\u0130MZA MEHMET\" data-image-description=\"\" data-image-caption=\"\" data-medium-file=\"https:\/\/kucukosman.com\/wp-content\/uploads\/2018\/12\/\u0130MZA-MEHMET-300x186.jpg\" data-large-file=\"https:\/\/kucukosman.com\/wp-content\/uploads\/2018\/12\/\u0130MZA-MEHMET.jpg\" decoding=\"async\" loading=\"lazy\" src=\"http:\/\/kucukosman.com\/wp-content\/uploads\/2018\/12\/\u0130MZA-MEHMET.jpg\" alt=\"\" class=\"wp-image-878\" width=\"189\" height=\"117\" srcset=\"https:\/\/kucukosman.com\/wp-content\/uploads\/2018\/12\/\u0130MZA-MEHMET.jpg 663w, https:\/\/kucukosman.com\/wp-content\/uploads\/2018\/12\/\u0130MZA-MEHMET-300x186.jpg 300w\" sizes=\"(max-width: 189px) 100vw, 189px\" \/><\/figure><\/div>\n","protected":false},"excerpt":{"rendered":"<p>D\u00f6rt ku\u015fak kantar imalat\u00e7\u0131s\u0131 olan firmam\u0131z Cumhuriyet ile birlikte \u00fclkemizin ilk metrik sistem kantarlar\u0131n\u0131 \u00fcretmi\u015f, sekt\u00f6r\u00fcndeki \u00f6nc\u00fc ve ba\u015far\u0131l\u0131 niteli\u011fi ile K\u00fc\u00e7\u00fck Osman, 1936 y\u0131l\u0131nda&hellip;<\/p>\n","protected":false},"author":1,"featured_media":0,"parent":0,"menu_order":0,"comment_status":"closed","ping_status":"closed","template":"","meta":{"jetpack_post_was_ever_published":false},"aioseo_notices":[],"jetpack_sharing_enabled":true,"jetpack_shortlink":"https:\/\/wp.me\/Paylhb-dk","jetpack-related-posts":[{"id":809,"url":"https:\/\/kucukosman.com\/index.php\/hizmetler-2\/","url_meta":{"origin":826,"position":0},"title":"H\u0130ZMETLER","date":"20 Aral\u0131k 2018","format":false,"excerpt":"TEKN\u0130K SERV\u0130S \u00dcretimini ve sat\u0131\u015f\u0131n\u0131 yapt\u0131klar\u0131m\u0131z\u0131n yan\u0131 s\u0131ra, marka ve model g\u00f6zetmeksizin mevcut b\u00fct\u00fcn kantarlar\u0131n\u0131z i\u00e7in de bak\u0131m, onar\u0131m ve her t\u00fcrl\u00fc teknik destek hizmetimizle yan\u0131n\u0131zday\u0131z. Ankara, \u0130zmir, Antalya ve bir \u00e7ok ilde mevcut servis a\u011f\u0131m\u0131zla kaliteli servisi en k\u0131sa s\u00fcrede sizlere ula\u015ft\u0131rmak \u00f6ncelikli hedefimiz. KAL\u0130BRASYON Uzman m\u00fchendis ve e\u011fitimli\u2026","rel":"","context":"Benzer yaz\u0131","img":{"alt_text":"","src":"https:\/\/i0.wp.com\/kucukosman.com\/wp-content\/uploads\/2018\/12\/DSCN4323.jpg?resize=350%2C200&ssl=1","width":350,"height":200},"classes":[]},{"id":894,"url":"https:\/\/kucukosman.com\/index.php\/tasit-kantari\/","url_meta":{"origin":826,"position":1},"title":"TA\u015eIT KANTARI","date":"20 Aral\u0131k 2018","format":false,"excerpt":"YERL\u0130 VE M\u0130LL\u0130 KANTARLARIMIZ ONCA VE PARDUS DO\u011eRU TARTI, KAL\u0130TE VE DAYANIKLILI\u011eIN S\u0130MGELER\u0130 ONCA PARDUS","rel":"","context":"Benzer yaz\u0131","img":{"alt_text":"","src":"https:\/\/i0.wp.com\/kucukosman.com\/wp-content\/uploads\/2018\/12\/Photo-11.01.2007-04-31-27.jpg?resize=350%2C200&ssl=1","width":350,"height":200},"classes":[]},{"id":736,"url":"https:\/\/kucukosman.com\/index.php\/hakkimizda-2\/","url_meta":{"origin":826,"position":2},"title":"HAKKIMIZDA","date":"20 Aral\u0131k 2018","format":false,"excerpt":"20'li y\u0131llar\u0131n ba\u015flar\u0131nda okka \u00f6l\u00e7\u00fcm birimi ile kantar imalat\u0131na ba\u015flayan K\u00fc\u00e7\u00fck Osman,\u00a0\u00a01931 y\u0131l\u0131nda \u00e7\u0131kar\u0131lan \u00d6l\u00e7\u00fc kanunu ile okkadan kilograma ge\u00e7i\u015fte ilk kilogram bazl\u0131 kantarlar\u0131 \u00fcretmi\u015ftir. 1936 y\u0131l\u0131nda Ankara'da kurulan Birinci El \u0130\u015fleri ve K\u00fc\u00e7\u00fck Sanatlar Sergisinde sergiledi\u011fi kantar\u00a0ile takdir madalyas\u0131 kazanan K\u00fc\u00e7\u00fck Osman, d\u00f6nemin \u0130ktisat Vekili Celal BAYAR taraf\u0131ndan imzal\u0131\u2026","rel":"","context":"Benzer yaz\u0131","img":{"alt_text":"","src":"https:\/\/i0.wp.com\/kucukosman.com\/wp-content\/uploads\/2018\/12\/KATALOG-\u0130\u00c7\u0130N-RES\u0130MLER-008.jpg?resize=350%2C200&ssl=1","width":350,"height":200},"classes":[]},{"id":766,"url":"https:\/\/kucukosman.com\/index.php\/onca\/","url_meta":{"origin":826,"position":3},"title":"ONCA (\u00c7UKURLU T\u0130P)","date":"20 Aral\u0131k 2018","format":false,"excerpt":"\u00c7ukurlu Tip Tam elektronik T\u0131r\/Kamyon Kantar modelimiz olan ONCA, fabrika giri\u015fleri ve manevra kabiliyetinin s\u0131n\u0131rl\u0131 oldu\u011fu alanlar i\u00e7in ideal \u00e7\u00f6z\u00fcm sa\u011flar. \u00c7ukur i\u00e7erisinde g\u00f6m\u00fcl\u00fc olan ve y\u00fczey \u00fczerinde hi\u00e7bir y\u00fckseklik olu\u015fturmayan kantar\u0131n sadece zeminle ayn\u0131 seviyede olan platform k\u0131sm\u0131 g\u00f6r\u00fcnd\u00fc\u011f\u00fcnden firman\u0131z\u0131n d\u0131\u015f g\u00f6r\u00fcn\u00fcm\u00fcne g\u00f6rsel olarak da katk\u0131 sa\u011flayacakt\u0131r. Onca kantar\u0131m\u0131z,\u00a0firman\u0131z\u0131n\u2026","rel":"","context":"Benzer yaz\u0131","img":{"alt_text":"","src":"https:\/\/i0.wp.com\/kucukosman.com\/wp-content\/uploads\/2018\/12\/IMG-20160418-WA0001-1.jpg?resize=350%2C200&ssl=1","width":350,"height":200},"classes":[]},{"id":767,"url":"https:\/\/kucukosman.com\/index.php\/pardus\/","url_meta":{"origin":826,"position":4},"title":"PARDUS (ZEM\u0130N \u00dcST\u00dc T\u0130P)","date":"20 Aral\u0131k 2018","format":false,"excerpt":"Zemin \u00dcst\u00fc Tip Tam elektronik T\u0131r\/Kamyon Kantar modelimiz olan PARDUS, manevra sorunu olmayan alanlarda, mod\u00fcler yap\u0131s\u0131yla montaj kolayl\u0131\u011f\u0131, farkl\u0131 kullan\u0131m alanlar\u0131na ta\u015f\u0131n\u0131p yeniden kurulabilme imkan\u0131, temizlik, en uygun rampa y\u00fcksekli\u011fi vb. gibi ihtiya\u00e7lar\u0131n\u0131za \u00f6zel \u00e7\u00f6z\u00fcmler sa\u011flar. PARDUS kantar\u0131m\u0131z, firman\u0131z\u0131n yer durumu ve ihtiyac\u0131na g\u00f6re 4 metreden 24 metre uzunlu\u011fa kadar\u2026","rel":"","context":"Benzer yaz\u0131","img":{"alt_text":"","src":"https:\/\/i0.wp.com\/kucukosman.com\/wp-content\/uploads\/2018\/12\/IMG_5019-e1545298847537.jpg?resize=350%2C200&ssl=1","width":350,"height":200},"classes":[]},{"id":822,"url":"https:\/\/kucukosman.com\/index.php\/scalevator\/","url_meta":{"origin":826,"position":5},"title":"SCALEVATOR","date":"20 Aral\u0131k 2018","format":false,"excerpt":"https:\/\/youtu.be\/ljt4jDyu9UU \"V\u0130N\u00c7 NEREYE, KANTAR ORAYA...\" \u00c7ok yo\u011fun \u00e7al\u0131\u015f\u0131yorsunuz, tart\u0131m prosesi ise zaruri bir ihtiya\u00e7 ama vakit kayb\u0131n\u0131z var. SCALEVATOR ile gezer k\u00f6pr\u00fcl\u00fc vincinizi bir kantara \u00e7evirebilir ve malzemeyi yerden kesti\u011finiz anda tartabilirsiniz. Kantar\u0131n\u0131z vincinizin ula\u015ft\u0131\u011f\u0131 her noktada aktif ve kullan\u0131ma haz\u0131r. Servis ve i\u015fletme maliyeti yok denecek kadar az. Hem\u2026","rel":"","context":"Benzer yaz\u0131","img":{"alt_text":"","src":"https:\/\/i0.wp.com\/kucukosman.com\/wp-content\/uploads\/2018\/12\/HKN0278-e1545240850483.jpg?resize=350%2C200&ssl=1","width":350,"height":200},"classes":[]}],"jetpack_likes_enabled":true,"_links":{"self":[{"href":"https:\/\/kucukosman.com\/index.php\/wp-json\/wp\/v2\/pages\/826"}],"collection":[{"href":"https:\/\/kucukosman.com\/index.php\/wp-json\/wp\/v2\/pages"}],"about":[{"href":"https:\/\/kucukosman.com\/index.php\/wp-json\/wp\/v2\/types\/page"}],"author":[{"embeddable":true,"href":"https:\/\/kucukosman.com\/index.php\/wp-json\/wp\/v2\/users\/1"}],"replies":[{"embeddable":true,"href":"https:\/\/kucukosman.com\/index.php\/wp-json\/wp\/v2\/comments?post=826"}],"version-history":[{"count":4,"href":"https:\/\/kucukosman.com\/index.php\/wp-json\/wp\/v2\/pages\/826\/revisions"}],"predecessor-version":[{"id":879,"href":"https:\/\/kucukosman.com\/index.php\/wp-json\/wp\/v2\/pages\/826\/revisions\/879"}],"wp:attachment":[{"href":"https:\/\/kucukosman.com\/index.php\/wp-json\/wp\/v2\/media?parent=826"}],"curies":[{"name":"wp","href":"https:\/\/api.w.org\/{rel}","templated":true}]}}