{"id":844,"date":"2018-12-20T13:56:04","date_gmt":"2018-12-20T10:56:04","guid":{"rendered":"http:\/\/kucukosman.com\/?page_id=844"},"modified":"2025-12-15T14:36:04","modified_gmt":"2025-12-15T11:36:04","slug":"iletisim-2","status":"publish","type":"page","link":"https:\/\/kucukosman.com\/index.php\/iletisim-2\/","title":{"rendered":"\u0130LET\u0130\u015e\u0130M"},"content":{"rendered":"\n<h2><\/h2>\n\n\n\n<div itemprop=\"location\" itemscope itemtype=\"http:\/\/schema.org\/Organization\" class=\"wp-block-jetpack-contact-info\">\n<div class=\"wp-block-jetpack-email\">e-mail : <a itemprop=\"email\" href=\"mailto:info@kucukosman.com\">info@kucukosman.com<\/a><\/div>\n\n\n\n<div class=\"wp-block-jetpack-phone\"><span class=\"phone-prefix\">Tel: <\/span><span itemprop=\"telephone\"><a href=\"tel:+902166219618905302441963\">+90 216 621 96 18\nGSM: +90 530 244 19 63\n<\/a><\/span><\/div>\n\n\n\n<div class=\"wp-block-jetpack-phone\"><span class=\"phone-prefix\">Tel: <\/span><span itemprop=\"telephone\"><a href=\"tel:+902166219619\">+90 216 621 96 19<\/a><\/span><\/div>\n\n\n\n<div itemprop=\"address\" itemscope itemtype=\"http:\/\/schema.org\/PostalAddress\" class=\"wp-block-jetpack-address\" ><a href=\"https:\/\/www.google.com\/maps\/search\/Atat\u00fcrk+Mah. Arslan Sok. No:5,SANCAKTEPE,+\u0130STANBUL,+34785\" target=\"_blank\" rel=\"noopener noreferrer\" title=\"Adresi Google Haritalar\u2019da a\u00e7\"><div itemprop=\"streetAddress\" class=\"jetpack-address__address jetpack-address__address1\">Atat\u00fcrk Mah. Arslan Sok. No:5<\/div><div itemprop=\"streetAddress\" class=\"jetpack-address__address jetpack-address__address2\">SANCAKTEPE<\/div><div><span itemprop=\"addressLocality\" class=\"jetpack-address__city\">\u0130STANBUL<\/span>, <span itemprop=\"addressRegion\" class=\"jetpack-address__region\"><\/span> <span itemprop=\"postalCode\" class=\"jetpack-address__postal\">34785<\/span><\/div><\/a><\/div>\n\n\n\n<p><\/p>\n<\/div>\n\n\n<div class=\"wp-block-jetpack-contact-form\"><a href=\"https:\/\/kucukosman.com\/index.php\/iletisim-2\/\" target=\"_blank\" rel=\"noopener noreferrer\">Bir form g\u00f6nderin.<\/a><\/div>","protected":false},"excerpt":{"rendered":"","protected":false},"author":1,"featured_media":0,"parent":0,"menu_order":0,"comment_status":"closed","ping_status":"closed","template":"","meta":{"jetpack_post_was_ever_published":false},"aioseo_notices":[],"jetpack_sharing_enabled":true,"jetpack_shortlink":"https:\/\/wp.me\/Paylhb-dC","jetpack-related-posts":[{"id":809,"url":"https:\/\/kucukosman.com\/index.php\/hizmetler-2\/","url_meta":{"origin":844,"position":0},"title":"H\u0130ZMETLER","date":"20 Aral\u0131k 2018","format":false,"excerpt":"TEKN\u0130K SERV\u0130S \u00dcretimini ve sat\u0131\u015f\u0131n\u0131 yapt\u0131klar\u0131m\u0131z\u0131n yan\u0131 s\u0131ra, marka ve model g\u00f6zetmeksizin mevcut b\u00fct\u00fcn kantarlar\u0131n\u0131z i\u00e7in de bak\u0131m, onar\u0131m ve her t\u00fcrl\u00fc teknik destek hizmetimizle yan\u0131n\u0131zday\u0131z. Ankara, \u0130zmir, Antalya ve bir \u00e7ok ilde mevcut servis a\u011f\u0131m\u0131zla kaliteli servisi en k\u0131sa s\u00fcrede sizlere ula\u015ft\u0131rmak \u00f6ncelikli hedefimiz. KAL\u0130BRASYON Uzman m\u00fchendis ve e\u011fitimli\u2026","rel":"","context":"Benzer yaz\u0131","img":{"alt_text":"","src":"https:\/\/i0.wp.com\/kucukosman.com\/wp-content\/uploads\/2018\/12\/DSCN4323.jpg?resize=350%2C200&ssl=1","width":350,"height":200},"classes":[]},{"id":1056,"url":"https:\/\/kucukosman.com\/index.php\/kurumsal\/","url_meta":{"origin":844,"position":1},"title":"KURUMSAL","date":"26 Aral\u0131k 2018","format":false,"excerpt":"","rel":"","context":"Benzer yaz\u0131","img":{"alt_text":"","src":"","width":0,"height":0},"classes":[]},{"id":1089,"url":"https:\/\/kucukosman.com\/index.php\/referanslar\/","url_meta":{"origin":844,"position":2},"title":"REFERANSLAR","date":"4 Ocak 2019","format":false,"excerpt":"","rel":"","context":"Benzer yaz\u0131","img":{"alt_text":"","src":"https:\/\/i0.wp.com\/kucukosman.com\/wp-content\/uploads\/2019\/01\/REFERANS-L\u0130STES\u0130-1.jpg?resize=350%2C200&ssl=1","width":350,"height":200},"classes":[]},{"id":1218,"url":"https:\/\/kucukosman.com\/index.php\/satilik\/","url_meta":{"origin":844,"position":3},"title":"SATILIK","date":"5 Mart 2019","format":false,"excerpt":"","rel":"","context":"Benzer yaz\u0131","img":{"alt_text":"","src":"","width":0,"height":0},"classes":[]},{"id":1057,"url":"https:\/\/kucukosman.com\/index.php\/sertifikalarimiz\/","url_meta":{"origin":844,"position":4},"title":"SERT\u0130F\u0130KALARIMIZ","date":"26 Aral\u0131k 2018","format":false,"excerpt":"","rel":"","context":"Benzer yaz\u0131","img":{"alt_text":"","src":"https:\/\/i0.wp.com\/kucukosman.com\/wp-content\/uploads\/2025\/12\/jpeg-KUCUK-OSMAN_ISO-9001_2025_page-0001-1.jpg?resize=350%2C200&ssl=1","width":350,"height":200},"classes":[]},{"id":898,"url":"https:\/\/kucukosman.com\/index.php\/butik-urunler\/","url_meta":{"origin":844,"position":5},"title":"BASK\u00dcLLER","date":"20 Aral\u0131k 2018","format":false,"excerpt":"","rel":"","context":"Benzer yaz\u0131","img":{"alt_text":"","src":"","width":0,"height":0},"classes":[]}],"jetpack_likes_enabled":true,"_links":{"self":[{"href":"https:\/\/kucukosman.com\/index.php\/wp-json\/wp\/v2\/pages\/844"}],"collection":[{"href":"https:\/\/kucukosman.com\/index.php\/wp-json\/wp\/v2\/pages"}],"about":[{"href":"https:\/\/kucukosman.com\/index.php\/wp-json\/wp\/v2\/types\/page"}],"author":[{"embeddable":true,"href":"https:\/\/kucukosman.com\/index.php\/wp-json\/wp\/v2\/users\/1"}],"replies":[{"embeddable":true,"href":"https:\/\/kucukosman.com\/index.php\/wp-json\/wp\/v2\/comments?post=844"}],"version-history":[{"count":23,"href":"https:\/\/kucukosman.com\/index.php\/wp-json\/wp\/v2\/pages\/844\/revisions"}],"predecessor-version":[{"id":2235,"href":"https:\/\/kucukosman.com\/index.php\/wp-json\/wp\/v2\/pages\/844\/revisions\/2235"}],"wp:attachment":[{"href":"https:\/\/kucukosman.com\/index.php\/wp-json\/wp\/v2\/media?parent=844"}],"curies":[{"name":"wp","href":"https:\/\/api.w.org\/{rel}","templated":true}]}}